{"id":1329,"date":"2024-12-20T09:58:20","date_gmt":"2024-12-20T09:58:20","guid":{"rendered":"https:\/\/crystalvue.pt\/?page_id=1329"},"modified":"2024-12-20T10:16:38","modified_gmt":"2024-12-20T10:16:38","slug":"politica-de-cookies","status":"publish","type":"page","link":"https:\/\/crystalvue.pt\/en\/politica-de-cookies\/","title":{"rendered":"Pol\u00edtica de Cookies"},"content":{"rendered":"<div data-elementor-type=\"wp-page\" data-elementor-id=\"1329\" class=\"elementor elementor-1329\" data-elementor-post-type=\"page\">\n\t\t\t\t\t\t<section class=\"elementor-section elementor-top-section elementor-element elementor-element-3628728 jkit-sticky-element--enabled jkit-sticky-element-on--both elementor-section-boxed elementor-section-height-default elementor-section-height-default\" data-id=\"3628728\" data-element_type=\"section\" data-settings=\"{&quot;background_background&quot;:&quot;classic&quot;,&quot;jkit_sticky_device&quot;:[&quot;desktop&quot;,&quot;tablet&quot;,&quot;mobile&quot;],&quot;jkit_sticky_top_position&quot;:{&quot;unit&quot;:&quot;px&quot;,&quot;size&quot;:0,&quot;sizes&quot;:[]},&quot;jkit_sticky_bottom_position&quot;:{&quot;unit&quot;:&quot;px&quot;,&quot;size&quot;:0,&quot;sizes&quot;:[]}}\">\n\t\t\t\t\t\t\t<div class=\"elementor-background-overlay\"><\/div>\n\t\t\t\t\t\t\t<div class=\"elementor-container elementor-column-gap-default\">\n\t\t\t\t\t<div class=\"elementor-column elementor-col-100 elementor-top-column elementor-element elementor-element-69a1e73\" data-id=\"69a1e73\" data-element_type=\"column\">\n\t\t\t<div class=\"elementor-widget-wrap elementor-element-populated\">\n\t\t\t\t\t\t<section class=\"elementor-section elementor-inner-section elementor-element elementor-element-6a4d506 elementor-section-boxed elementor-section-height-default elementor-section-height-default\" data-id=\"6a4d506\" data-element_type=\"section\">\n\t\t\t\t\t\t<div class=\"elementor-container elementor-column-gap-no\">\n\t\t\t\t\t<div class=\"elementor-column elementor-col-100 elementor-inner-column elementor-element elementor-element-d2358fa\" data-id=\"d2358fa\" data-element_type=\"column\">\n\t\t\t<div class=\"elementor-widget-wrap elementor-element-populated\">\n\t\t\t\t\t\t<div class=\"elementor-element elementor-element-32e9d11 elementor-widget elementor-widget-heading\" data-id=\"32e9d11\" data-element_type=\"widget\" data-widget_type=\"heading.default\">\n\t\t\t\t<div class=\"elementor-widget-container\">\n\t\t\t<h6 class=\"elementor-heading-title elementor-size-default\">Cookies Policy<\/h6>\t\t<\/div>\n\t\t\t\t<\/div>\n\t\t\t\t<div class=\"elementor-element elementor-element-fbcdca3 elementor-invisible elementor-widget elementor-widget-heading\" data-id=\"fbcdca3\" data-element_type=\"widget\" data-settings=\"{&quot;_animation_delay&quot;:&quot;100&quot;,&quot;_animation&quot;:&quot;fadeInUp&quot;}\" data-widget_type=\"heading.default\">\n\t\t\t\t<div class=\"elementor-widget-container\">\n\t\t\t<h1 class=\"elementor-heading-title elementor-size-default\">Crystal VUE<\/h1>\t\t<\/div>\n\t\t\t\t<\/div>\n\t\t\t\t<div class=\"elementor-element elementor-element-4ffe530 elementor-widget__width-auto elementor-absolute animated-fast elementor-widget-tablet__width-auto elementor-hidden-tablet elementor-hidden-mobile elementor-invisible elementor-widget elementor-widget-image\" data-id=\"4ffe530\" data-element_type=\"widget\" data-settings=\"{&quot;_position&quot;:&quot;absolute&quot;,&quot;_animation&quot;:&quot;rotateIn&quot;,&quot;_animation_delay&quot;:&quot;500&quot;}\" data-widget_type=\"image.default\">\n\t\t\t\t<div class=\"elementor-widget-container\">\n\t\t\t\t\t\t\t\t\t\t\t\t\t<img fetchpriority=\"high\" decoding=\"async\" width=\"501\" height=\"501\" src=\"https:\/\/crystalvue.pt\/wp-content\/uploads\/2024\/12\/orange_hex-1.png\" class=\"attachment-large size-large wp-image-877\" alt=\"\" srcset=\"https:\/\/crystalvue.pt\/wp-content\/uploads\/2024\/12\/orange_hex-1.png 501w, https:\/\/crystalvue.pt\/wp-content\/uploads\/2024\/12\/orange_hex-1-300x300.png 300w, https:\/\/crystalvue.pt\/wp-content\/uploads\/2024\/12\/orange_hex-1-150x150.png 150w\" sizes=\"(max-width: 501px) 100vw, 501px\" \/>\t\t\t\t\t\t\t\t\t\t\t\t\t<\/div>\n\t\t\t\t<\/div>\n\t\t\t\t\t<\/div>\n\t\t<\/div>\n\t\t\t\t\t<\/div>\n\t\t<\/section>\n\t\t\t\t<div class=\"elementor-element elementor-element-1d2c0d5 elementor-widget elementor-widget-spacer\" data-id=\"1d2c0d5\" data-element_type=\"widget\" data-widget_type=\"spacer.default\">\n\t\t\t\t<div class=\"elementor-widget-container\">\n\t\t\t\t\t<div class=\"elementor-spacer\">\n\t\t\t<div class=\"elementor-spacer-inner\"><\/div>\n\t\t<\/div>\n\t\t\t\t<\/div>\n\t\t\t\t<\/div>\n\t\t\t\t<section class=\"elementor-section elementor-inner-section elementor-element elementor-element-5080180 elementor-section-boxed elementor-section-height-default elementor-section-height-default\" data-id=\"5080180\" data-element_type=\"section\">\n\t\t\t\t\t\t<div class=\"elementor-container elementor-column-gap-no\">\n\t\t\t\t\t<div class=\"elementor-column elementor-col-100 elementor-inner-column elementor-element elementor-element-389234e\" data-id=\"389234e\" data-element_type=\"column\">\n\t\t\t<div class=\"elementor-widget-wrap\">\n\t\t\t\t\t\t\t<\/div>\n\t\t<\/div>\n\t\t\t\t\t<\/div>\n\t\t<\/section>\n\t\t\t\t\t<\/div>\n\t\t<\/div>\n\t\t\t\t\t<\/div>\n\t\t<\/section>\n\t\t\t\t<section class=\"elementor-section elementor-top-section elementor-element elementor-element-857497e elementor-section-full_width elementor-section-height-default elementor-section-height-default\" data-id=\"857497e\" data-element_type=\"section\">\n\t\t\t\t\t\t<div class=\"elementor-container elementor-column-gap-default\">\n\t\t\t\t\t<div class=\"elementor-column elementor-col-100 elementor-top-column elementor-element elementor-element-6f56d14\" data-id=\"6f56d14\" data-element_type=\"column\">\n\t\t\t<div class=\"elementor-widget-wrap elementor-element-populated\">\n\t\t\t\t\t\t<section class=\"elementor-section elementor-inner-section elementor-element elementor-element-32e37bb elementor-section-full_width elementor-section-height-default elementor-section-height-default\" data-id=\"32e37bb\" data-element_type=\"section\" data-settings=\"{&quot;background_background&quot;:&quot;classic&quot;}\">\n\t\t\t\t\t\t<div class=\"elementor-container elementor-column-gap-no\">\n\t\t\t\t\t<div class=\"elementor-column elementor-col-100 elementor-inner-column elementor-element elementor-element-b0d7c7d\" data-id=\"b0d7c7d\" data-element_type=\"column\">\n\t\t\t<div class=\"elementor-widget-wrap elementor-element-populated\">\n\t\t\t\t\t\t<div class=\"elementor-element elementor-element-07e0d90 elementor-widget elementor-widget-spacer\" data-id=\"07e0d90\" data-element_type=\"widget\" data-widget_type=\"spacer.default\">\n\t\t\t\t<div class=\"elementor-widget-container\">\n\t\t\t\t\t<div class=\"elementor-spacer\">\n\t\t\t<div class=\"elementor-spacer-inner\"><\/div>\n\t\t<\/div>\n\t\t\t\t<\/div>\n\t\t\t\t<\/div>\n\t\t\t\t\t<\/div>\n\t\t<\/div>\n\t\t\t\t\t<\/div>\n\t\t<\/section>\n\t\t\t\t\t<\/div>\n\t\t<\/div>\n\t\t\t\t\t<\/div>\n\t\t<\/section>\n\t\t\t\t<section class=\"elementor-section elementor-top-section elementor-element elementor-element-c6a49db elementor-section-boxed elementor-section-height-default elementor-section-height-default\" data-id=\"c6a49db\" data-element_type=\"section\" data-settings=\"{&quot;background_background&quot;:&quot;classic&quot;}\">\n\t\t\t\t\t\t<div class=\"elementor-container elementor-column-gap-default\">\n\t\t\t\t\t<div class=\"elementor-column elementor-col-100 elementor-top-column elementor-element elementor-element-1dbb16e\" data-id=\"1dbb16e\" data-element_type=\"column\">\n\t\t\t<div class=\"elementor-widget-wrap elementor-element-populated\">\n\t\t\t\t\t\t<section class=\"elementor-section elementor-inner-section elementor-element elementor-element-9fdd3e8 elementor-section-boxed elementor-section-height-default elementor-section-height-default\" data-id=\"9fdd3e8\" data-element_type=\"section\">\n\t\t\t\t\t\t<div class=\"elementor-container elementor-column-gap-default\">\n\t\t\t\t\t<div class=\"elementor-column elementor-col-100 elementor-inner-column elementor-element elementor-element-c236248\" data-id=\"c236248\" data-element_type=\"column\">\n\t\t\t<div class=\"elementor-widget-wrap elementor-element-populated\">\n\t\t\t\t\t\t<div class=\"elementor-element elementor-element-209096f animated-slow elementor-invisible elementor-widget elementor-widget-heading\" data-id=\"209096f\" data-element_type=\"widget\" data-settings=\"{&quot;_animation&quot;:&quot;fadeIn&quot;,&quot;_animation_delay&quot;:&quot;100&quot;}\" data-widget_type=\"heading.default\">\n\t\t\t\t<div class=\"elementor-widget-container\">\n\t\t\t<h2 class=\"elementor-heading-title elementor-size-default\">Cookies Policy<\/h2>\t\t<\/div>\n\t\t\t\t<\/div>\n\t\t\t\t<div class=\"elementor-element elementor-element-deb0367 elementor-widget__width-auto elementor-absolute animated-fast elementor-invisible elementor-widget elementor-widget-image\" data-id=\"deb0367\" data-element_type=\"widget\" data-settings=\"{&quot;_position&quot;:&quot;absolute&quot;,&quot;_animation&quot;:&quot;rotateIn&quot;,&quot;_animation_delay&quot;:&quot;300&quot;}\" data-widget_type=\"image.default\">\n\t\t\t\t<div class=\"elementor-widget-container\">\n\t\t\t\t\t\t\t\t\t\t\t\t\t<img fetchpriority=\"high\" decoding=\"async\" width=\"501\" height=\"501\" src=\"https:\/\/crystalvue.pt\/wp-content\/uploads\/2024\/12\/orange_hex-1.png\" class=\"attachment-large size-large wp-image-877\" alt=\"\" srcset=\"https:\/\/crystalvue.pt\/wp-content\/uploads\/2024\/12\/orange_hex-1.png 501w, https:\/\/crystalvue.pt\/wp-content\/uploads\/2024\/12\/orange_hex-1-300x300.png 300w, https:\/\/crystalvue.pt\/wp-content\/uploads\/2024\/12\/orange_hex-1-150x150.png 150w\" sizes=\"(max-width: 501px) 100vw, 501px\" \/>\t\t\t\t\t\t\t\t\t\t\t\t\t<\/div>\n\t\t\t\t<\/div>\n\t\t\t\t<div class=\"elementor-element elementor-element-5ffda74 elementor-invisible elementor-widget elementor-widget-text-editor\" data-id=\"5ffda74\" data-element_type=\"widget\" data-settings=\"{&quot;_animation&quot;:&quot;fadeInRight&quot;,&quot;_animation_delay&quot;:200}\" data-widget_type=\"text-editor.default\">\n\t\t\t\t<div class=\"elementor-widget-container\">\n\t\t\t\t\t\t\t<p data-pm-slice=\"1 1 []\">Esta Pol\u00edtica de Cookies explica como a CrystalVUE, utiliza cookies e tecnologias semelhantes para melhorar a sua experi\u00eancia de navega\u00e7\u00e3o no nosso website.<\/p>\t\t\t\t\t\t<\/div>\n\t\t\t\t<\/div>\n\t\t\t\t\t<\/div>\n\t\t<\/div>\n\t\t\t\t\t<\/div>\n\t\t<\/section>\n\t\t\t\t<section class=\"elementor-section elementor-inner-section elementor-element elementor-element-bfeeca7 elementor-section-boxed elementor-section-height-default elementor-section-height-default\" data-id=\"bfeeca7\" data-element_type=\"section\">\n\t\t\t\t\t\t<div class=\"elementor-container elementor-column-gap-no\">\n\t\t\t\t\t<div class=\"elementor-column elementor-col-100 elementor-inner-column elementor-element elementor-element-520e216\" data-id=\"520e216\" data-element_type=\"column\">\n\t\t\t<div class=\"elementor-widget-wrap elementor-element-populated\">\n\t\t\t\t\t\t<div class=\"elementor-element elementor-element-76e6013 elementor-widget elementor-widget-jkit_accordion\" data-id=\"76e6013\" data-element_type=\"widget\" data-widget_type=\"jkit_accordion.default\">\n\t\t\t\t<div class=\"elementor-widget-container\">\n\t\t\t<div  class=\"jeg-elementor-kit jkit-accordion style-default jeg_module___69e911228ca18\" ><div class=\"card-wrapper expand\">\n                <div class=\"card-header background-gradient\">\n                    <a href=\"#expand-3debded\" class=\"card-header-button\" aria-expanded=\"false\" data-target=\"#expand-3debded\" aria-controls=\"expand-3debded\">\n                        <div class=\"left-icon-group\">\n                <div class=\"normal-icon\"><i aria-hidden=\"true\" class=\"jki jki-plus-circle-light\"><\/i><\/div>\n                <div class=\"active-icon\"><i aria-hidden=\"true\" class=\"jki jki-circle-minus-light\"><\/i><\/div>\n            <\/div><span class=\"title\">O que s\u00e3o Cookies?<\/span>\n                    <\/a>\n                <\/div>\n                <div class=\"card-expand\" id=\"expand-3debded\" style=\"display:block\"><div class=\"card-body\"><p data-pm-slice=\"1 1 []\">Cookies s\u00e3o pequenos ficheiros de texto armazenados no seu dispositivo quando visita um website. Estes permitem que o site reconhe\u00e7a o utilizador e memorize as suas prefer\u00eancias em visitas futuras.<\/p><\/div><\/div>\n            <\/div><div class=\"card-wrapper\">\n                <div class=\"card-header background-gradient\">\n                    <a href=\"#expand-a9562ef\" class=\"card-header-button\" aria-expanded=\"false\" data-target=\"#expand-a9562ef\" aria-controls=\"expand-a9562ef\">\n                        <div class=\"left-icon-group\">\n                <div class=\"normal-icon\"><i aria-hidden=\"true\" class=\"jki jki-plus-circle-light\"><\/i><\/div>\n                <div class=\"active-icon\"><i aria-hidden=\"true\" class=\"jki jki-circle-minus-light\"><\/i><\/div>\n            <\/div><span class=\"title\">Tipos de Cookies que Utilizamos<\/span>\n                    <\/a>\n                <\/div>\n                <div class=\"card-expand\" id=\"expand-a9562ef\" style=\"display:none\"><div class=\"card-body\"><ul data-spread=\"false\" data-pm-slice=\"3 3 []\"><li><p><strong>Cookies Necess\u00e1rios:<\/strong> Essenciais para o funcionamento do website.<\/p><\/li><li><p><strong>Cookies de Desempenho:<\/strong> Recolhem informa\u00e7\u00f5es sobre como os utilizadores interagem com o site, ajudando-nos a melhor\u00e1-lo.<\/p><\/li><li><p><strong>Cookies de Funcionalidade:<\/strong> Memoriza\u00e7\u00e3o de prefer\u00eancias para melhorar a experi\u00eancia do utilizador.<\/p><\/li><li><p><strong>Cookies de Publicidade:<\/strong> Utilizados para apresentar publicidade relevante.<\/p><\/li><\/ul><\/div><\/div>\n            <\/div><div class=\"card-wrapper\">\n                <div class=\"card-header background-gradient\">\n                    <a href=\"#expand-3141f94\" class=\"card-header-button\" aria-expanded=\"false\" data-target=\"#expand-3141f94\" aria-controls=\"expand-3141f94\">\n                        <div class=\"left-icon-group\">\n                <div class=\"normal-icon\"><i aria-hidden=\"true\" class=\"jki jki-plus-circle-light\"><\/i><\/div>\n                <div class=\"active-icon\"><i aria-hidden=\"true\" class=\"jki jki-circle-minus-light\"><\/i><\/div>\n            <\/div><span class=\"title\">Gest\u00e3o de Cookies<\/span>\n                    <\/a>\n                <\/div>\n                <div class=\"card-expand\" id=\"expand-3141f94\" style=\"display:none\"><div class=\"card-body\"><p data-pm-slice=\"1 1 []\">Pode configurar o seu navegador para bloquear ou eliminar cookies. No entanto, isso pode afetar a funcionalidade de algumas partes do website.<\/p><\/div><\/div>\n            <\/div><div class=\"card-wrapper\">\n                <div class=\"card-header background-gradient\">\n                    <a href=\"#expand-47e1294\" class=\"card-header-button\" aria-expanded=\"false\" data-target=\"#expand-47e1294\" aria-controls=\"expand-47e1294\">\n                        <div class=\"left-icon-group\">\n                <div class=\"normal-icon\"><i aria-hidden=\"true\" class=\"jki jki-plus-circle-light\"><\/i><\/div>\n                <div class=\"active-icon\"><i aria-hidden=\"true\" class=\"jki jki-circle-minus-light\"><\/i><\/div>\n            <\/div><span class=\"title\">Consentimento<\/span>\n                    <\/a>\n                <\/div>\n                <div class=\"card-expand\" id=\"expand-47e1294\" style=\"display:none\"><div class=\"card-body\"><p data-pm-slice=\"1 1 []\">Ao continuar a utilizar o nosso website, est\u00e1 a consentir o uso de cookies de acordo com esta pol\u00edtica. Pode alterar ou retirar o seu consentimento a qualquer momento atrav\u00e9s das defini\u00e7\u00f5es do navegador ou das op\u00e7\u00f5es do nosso site.<\/p><\/div><\/div>\n            <\/div><div class=\"card-wrapper\">\n                <div class=\"card-header background-gradient\">\n                    <a href=\"#expand-ed7c399\" class=\"card-header-button\" aria-expanded=\"false\" data-target=\"#expand-ed7c399\" aria-controls=\"expand-ed7c399\">\n                        <div class=\"left-icon-group\">\n                <div class=\"normal-icon\"><i aria-hidden=\"true\" class=\"jki jki-plus-circle-light\"><\/i><\/div>\n                <div class=\"active-icon\"><i aria-hidden=\"true\" class=\"jki jki-circle-minus-light\"><\/i><\/div>\n            <\/div><span class=\"title\">Altera\u00e7\u00f5es \u00e0 Pol\u00edtica de Cookies<\/span>\n                    <\/a>\n                <\/div>\n                <div class=\"card-expand\" id=\"expand-ed7c399\" style=\"display:none\"><div class=\"card-body\"><p data-pm-slice=\"1 1 []\">Podemos atualizar esta pol\u00edtica periodicamente. Recomendamos que consulte regularmente para estar informado.<\/p><p>Para mais informa\u00e7\u00f5es, contacte-nos atrav\u00e9s de comercial@crystalvue.pt<\/p><\/div><\/div>\n            <\/div><\/div>\t\t<\/div>\n\t\t\t\t<\/div>\n\t\t\t\t\t<\/div>\n\t\t<\/div>\n\t\t\t\t\t<\/div>\n\t\t<\/section>\n\t\t\t\t\t<\/div>\n\t\t<\/div>\n\t\t\t\t\t<\/div>\n\t\t<\/section>\n\t\t\t\t<section class=\"elementor-section elementor-top-section elementor-element elementor-element-f06b2bb elementor-section-full_width elementor-section-height-default elementor-section-height-default\" data-id=\"f06b2bb\" data-element_type=\"section\" data-settings=\"{&quot;background_background&quot;:&quot;classic&quot;}\">\n\t\t\t\t\t\t<div class=\"elementor-container elementor-column-gap-default\">\n\t\t\t\t\t<div class=\"elementor-column elementor-col-100 elementor-top-column elementor-element elementor-element-b3b4296\" data-id=\"b3b4296\" data-element_type=\"column\">\n\t\t\t<div class=\"elementor-widget-wrap elementor-element-populated\">\n\t\t\t\t\t\t<section class=\"elementor-section elementor-inner-section elementor-element elementor-element-88a4f19 elementor-section-full_width elementor-section-height-default elementor-section-height-default\" data-id=\"88a4f19\" data-element_type=\"section\" data-settings=\"{&quot;background_background&quot;:&quot;classic&quot;,&quot;animation&quot;:&quot;none&quot;}\">\n\t\t\t\t\t\t<div class=\"elementor-container elementor-column-gap-no\">\n\t\t\t\t\t<div class=\"elementor-column elementor-col-100 elementor-inner-column elementor-element elementor-element-7359b29 elementor-invisible\" data-id=\"7359b29\" data-element_type=\"column\" data-settings=\"{&quot;animation&quot;:&quot;fadeInUp&quot;,&quot;animation_delay&quot;:&quot;600&quot;}\">\n\t\t\t<div class=\"elementor-widget-wrap elementor-element-populated\">\n\t\t\t\t\t\t<div class=\"elementor-element elementor-element-86ed54f elementor-widget elementor-widget-spacer\" data-id=\"86ed54f\" data-element_type=\"widget\" data-widget_type=\"spacer.default\">\n\t\t\t\t<div class=\"elementor-widget-container\">\n\t\t\t\t\t<div class=\"elementor-spacer\">\n\t\t\t<div class=\"elementor-spacer-inner\"><\/div>\n\t\t<\/div>\n\t\t\t\t<\/div>\n\t\t\t\t<\/div>\n\t\t<div class=\"elementor-element elementor-element-34d68f8 e-con-full e-flex e-con e-parent\" data-id=\"34d68f8\" data-element_type=\"container\" data-settings=\"{&quot;background_background&quot;:&quot;classic&quot;}\">\n\t\t<div class=\"elementor-element elementor-element-fad4b09 e-grid e-con-full e-con e-child\" data-id=\"fad4b09\" data-element_type=\"container\">\n\t\t\t\t<div class=\"elementor-element elementor-element-b417a4f elementor-widget elementor-widget-heading\" data-id=\"b417a4f\" data-element_type=\"widget\" data-widget_type=\"heading.default\">\n\t\t\t\t<div class=\"elementor-widget-container\">\n\t\t\t<h2 class=\"elementor-heading-title elementor-size-default\">Do you want to know more?<\/h2>\t\t<\/div>\n\t\t\t\t<\/div>\n\t\t\t\t<div class=\"elementor-element elementor-element-a8ba03c e-transform elementor-widget elementor-widget-jkit_button\" data-id=\"a8ba03c\" data-element_type=\"widget\" data-settings=\"{&quot;_transform_scale_effect_hover&quot;:{&quot;unit&quot;:&quot;px&quot;,&quot;size&quot;:0.93000000000000004884981308350688777863979339599609375,&quot;sizes&quot;:[]},&quot;_transform_scale_effect_hover_tablet&quot;:{&quot;unit&quot;:&quot;px&quot;,&quot;size&quot;:&quot;&quot;,&quot;sizes&quot;:[]},&quot;_transform_scale_effect_hover_mobile&quot;:{&quot;unit&quot;:&quot;px&quot;,&quot;size&quot;:&quot;&quot;,&quot;sizes&quot;:[]}}\" data-widget_type=\"jkit_button.default\">\n\t\t\t\t<div class=\"elementor-widget-container\">\n\t\t\t<div  class=\"jeg-elementor-kit jkit-button  icon-position-after jeg_module__1_69e911228de07\" ><a href=\"https:\/\/crystalvue.pt\/en\/contactos\/#form-contacto\" class=\"jkit-button-wrapper\">Contact Us<\/a><\/div>\t\t<\/div>\n\t\t\t\t<\/div>\n\t\t\t\t<\/div>\n\t\t\t\t<\/div>\n\t\t\t\t<div class=\"elementor-element elementor-element-189db40 elementor-widget elementor-widget-spacer\" data-id=\"189db40\" data-element_type=\"widget\" data-widget_type=\"spacer.default\">\n\t\t\t\t<div class=\"elementor-widget-container\">\n\t\t\t\t\t<div class=\"elementor-spacer\">\n\t\t\t<div class=\"elementor-spacer-inner\"><\/div>\n\t\t<\/div>\n\t\t\t\t<\/div>\n\t\t\t\t<\/div>\n\t\t\t\t\t<\/div>\n\t\t<\/div>\n\t\t\t\t\t<\/div>\n\t\t<\/section>\n\t\t\t\t\t<\/div>\n\t\t<\/div>\n\t\t\t\t\t<\/div>\n\t\t<\/section>\n\t\t\t\t<\/div>","protected":false},"excerpt":{"rendered":"<p>Politica de Cookies Crystal VUE Politica de Cookies Esta Pol\u00edtica de Cookies explica como a CrystalVUE, utiliza cookies e tecnologias semelhantes para melhorar a sua experi\u00eancia de navega\u00e7\u00e3o no nosso website. O que s\u00e3o Cookies? Cookies s\u00e3o pequenos ficheiros de texto armazenados no seu dispositivo quando visita um website. Estes permitem que o site reconhe\u00e7a [&hellip;]<\/p>","protected":false},"author":3,"featured_media":0,"parent":0,"menu_order":0,"comment_status":"closed","ping_status":"closed","template":"","meta":{"footnotes":""},"class_list":["post-1329","page","type-page","status-publish","hentry"],"_links":{"self":[{"href":"https:\/\/crystalvue.pt\/en\/wp-json\/wp\/v2\/pages\/1329","targetHints":{"allow":["GET"]}}],"collection":[{"href":"https:\/\/crystalvue.pt\/en\/wp-json\/wp\/v2\/pages"}],"about":[{"href":"https:\/\/crystalvue.pt\/en\/wp-json\/wp\/v2\/types\/page"}],"author":[{"embeddable":true,"href":"https:\/\/crystalvue.pt\/en\/wp-json\/wp\/v2\/users\/3"}],"replies":[{"embeddable":true,"href":"https:\/\/crystalvue.pt\/en\/wp-json\/wp\/v2\/comments?post=1329"}],"version-history":[{"count":19,"href":"https:\/\/crystalvue.pt\/en\/wp-json\/wp\/v2\/pages\/1329\/revisions"}],"predecessor-version":[{"id":1374,"href":"https:\/\/crystalvue.pt\/en\/wp-json\/wp\/v2\/pages\/1329\/revisions\/1374"}],"wp:attachment":[{"href":"https:\/\/crystalvue.pt\/en\/wp-json\/wp\/v2\/media?parent=1329"}],"curies":[{"name":"wp","href":"https:\/\/api.w.org\/{rel}","templated":true}]}}