{"id":1327,"date":"2024-12-20T09:57:59","date_gmt":"2024-12-20T09:57:59","guid":{"rendered":"https:\/\/crystalvue.pt\/?page_id=1327"},"modified":"2024-12-20T10:16:51","modified_gmt":"2024-12-20T10:16:51","slug":"politica-de-privacidade","status":"publish","type":"page","link":"https:\/\/crystalvue.pt\/en\/politica-de-privacidade\/","title":{"rendered":"Pol\u00edtica de Privacidade"},"content":{"rendered":"<div data-elementor-type=\"wp-page\" data-elementor-id=\"1327\" class=\"elementor elementor-1327\" data-elementor-post-type=\"page\">\n\t\t\t\t\t\t<section class=\"elementor-section elementor-top-section elementor-element elementor-element-0bc1636 jkit-sticky-element--enabled jkit-sticky-element-on--both elementor-section-boxed elementor-section-height-default elementor-section-height-default\" data-id=\"0bc1636\" data-element_type=\"section\" data-settings=\"{&quot;background_background&quot;:&quot;classic&quot;,&quot;jkit_sticky_device&quot;:[&quot;desktop&quot;,&quot;tablet&quot;,&quot;mobile&quot;],&quot;jkit_sticky_top_position&quot;:{&quot;unit&quot;:&quot;px&quot;,&quot;size&quot;:0,&quot;sizes&quot;:[]},&quot;jkit_sticky_bottom_position&quot;:{&quot;unit&quot;:&quot;px&quot;,&quot;size&quot;:0,&quot;sizes&quot;:[]}}\">\n\t\t\t\t\t\t\t<div class=\"elementor-background-overlay\"><\/div>\n\t\t\t\t\t\t\t<div class=\"elementor-container elementor-column-gap-default\">\n\t\t\t\t\t<div class=\"elementor-column elementor-col-100 elementor-top-column elementor-element elementor-element-1ba298e\" data-id=\"1ba298e\" data-element_type=\"column\">\n\t\t\t<div class=\"elementor-widget-wrap elementor-element-populated\">\n\t\t\t\t\t\t<section class=\"elementor-section elementor-inner-section elementor-element elementor-element-96fba10 elementor-section-boxed elementor-section-height-default elementor-section-height-default\" data-id=\"96fba10\" data-element_type=\"section\">\n\t\t\t\t\t\t<div class=\"elementor-container elementor-column-gap-no\">\n\t\t\t\t\t<div class=\"elementor-column elementor-col-100 elementor-inner-column elementor-element elementor-element-1dc19d2\" data-id=\"1dc19d2\" data-element_type=\"column\">\n\t\t\t<div class=\"elementor-widget-wrap elementor-element-populated\">\n\t\t\t\t\t\t<div class=\"elementor-element elementor-element-35d3577 elementor-widget elementor-widget-heading\" data-id=\"35d3577\" data-element_type=\"widget\" data-widget_type=\"heading.default\">\n\t\t\t\t<div class=\"elementor-widget-container\">\n\t\t\t<h6 class=\"elementor-heading-title elementor-size-default\">Pol\u00edtica de Privacidade<\/h6>\t\t<\/div>\n\t\t\t\t<\/div>\n\t\t\t\t<div class=\"elementor-element elementor-element-2f0e6e0 elementor-invisible elementor-widget elementor-widget-heading\" data-id=\"2f0e6e0\" data-element_type=\"widget\" data-settings=\"{&quot;_animation_delay&quot;:&quot;100&quot;,&quot;_animation&quot;:&quot;fadeInUp&quot;}\" data-widget_type=\"heading.default\">\n\t\t\t\t<div class=\"elementor-widget-container\">\n\t\t\t<h1 class=\"elementor-heading-title elementor-size-default\">Crystal VUE<\/h1>\t\t<\/div>\n\t\t\t\t<\/div>\n\t\t\t\t<div class=\"elementor-element elementor-element-699d22e elementor-widget__width-auto elementor-absolute animated-fast elementor-widget-tablet__width-auto elementor-hidden-tablet elementor-hidden-mobile elementor-invisible elementor-widget elementor-widget-image\" data-id=\"699d22e\" data-element_type=\"widget\" data-settings=\"{&quot;_position&quot;:&quot;absolute&quot;,&quot;_animation&quot;:&quot;rotateIn&quot;,&quot;_animation_delay&quot;:&quot;500&quot;}\" data-widget_type=\"image.default\">\n\t\t\t\t<div class=\"elementor-widget-container\">\n\t\t\t\t\t\t\t\t\t\t\t\t\t<img fetchpriority=\"high\" decoding=\"async\" width=\"501\" height=\"501\" src=\"https:\/\/crystalvue.pt\/wp-content\/uploads\/2024\/12\/orange_hex-1.png\" class=\"attachment-large size-large wp-image-877\" alt=\"\" srcset=\"https:\/\/crystalvue.pt\/wp-content\/uploads\/2024\/12\/orange_hex-1.png 501w, https:\/\/crystalvue.pt\/wp-content\/uploads\/2024\/12\/orange_hex-1-300x300.png 300w, https:\/\/crystalvue.pt\/wp-content\/uploads\/2024\/12\/orange_hex-1-150x150.png 150w\" sizes=\"(max-width: 501px) 100vw, 501px\" \/>\t\t\t\t\t\t\t\t\t\t\t\t\t<\/div>\n\t\t\t\t<\/div>\n\t\t\t\t\t<\/div>\n\t\t<\/div>\n\t\t\t\t\t<\/div>\n\t\t<\/section>\n\t\t\t\t<div class=\"elementor-element elementor-element-8b0d439 elementor-widget elementor-widget-spacer\" data-id=\"8b0d439\" data-element_type=\"widget\" data-widget_type=\"spacer.default\">\n\t\t\t\t<div class=\"elementor-widget-container\">\n\t\t\t\t\t<div class=\"elementor-spacer\">\n\t\t\t<div class=\"elementor-spacer-inner\"><\/div>\n\t\t<\/div>\n\t\t\t\t<\/div>\n\t\t\t\t<\/div>\n\t\t\t\t<section class=\"elementor-section elementor-inner-section elementor-element elementor-element-564e076 elementor-section-boxed elementor-section-height-default elementor-section-height-default\" data-id=\"564e076\" data-element_type=\"section\">\n\t\t\t\t\t\t<div class=\"elementor-container elementor-column-gap-no\">\n\t\t\t\t\t<div class=\"elementor-column elementor-col-100 elementor-inner-column elementor-element elementor-element-f70e405\" data-id=\"f70e405\" data-element_type=\"column\">\n\t\t\t<div class=\"elementor-widget-wrap\">\n\t\t\t\t\t\t\t<\/div>\n\t\t<\/div>\n\t\t\t\t\t<\/div>\n\t\t<\/section>\n\t\t\t\t\t<\/div>\n\t\t<\/div>\n\t\t\t\t\t<\/div>\n\t\t<\/section>\n\t\t\t\t<section class=\"elementor-section elementor-top-section elementor-element elementor-element-54e5d6f elementor-section-full_width elementor-section-height-default elementor-section-height-default\" data-id=\"54e5d6f\" data-element_type=\"section\">\n\t\t\t\t\t\t<div class=\"elementor-container elementor-column-gap-default\">\n\t\t\t\t\t<div class=\"elementor-column elementor-col-100 elementor-top-column elementor-element elementor-element-ffdc56e\" data-id=\"ffdc56e\" data-element_type=\"column\">\n\t\t\t<div class=\"elementor-widget-wrap elementor-element-populated\">\n\t\t\t\t\t\t<section class=\"elementor-section elementor-inner-section elementor-element elementor-element-fef1f4a elementor-section-full_width elementor-section-height-default elementor-section-height-default\" data-id=\"fef1f4a\" data-element_type=\"section\" data-settings=\"{&quot;background_background&quot;:&quot;classic&quot;}\">\n\t\t\t\t\t\t<div class=\"elementor-container elementor-column-gap-no\">\n\t\t\t\t\t<div class=\"elementor-column elementor-col-100 elementor-inner-column elementor-element elementor-element-66f548c\" data-id=\"66f548c\" data-element_type=\"column\">\n\t\t\t<div class=\"elementor-widget-wrap elementor-element-populated\">\n\t\t\t\t\t\t<div class=\"elementor-element elementor-element-495bcda elementor-widget elementor-widget-spacer\" data-id=\"495bcda\" data-element_type=\"widget\" data-widget_type=\"spacer.default\">\n\t\t\t\t<div class=\"elementor-widget-container\">\n\t\t\t\t\t<div class=\"elementor-spacer\">\n\t\t\t<div class=\"elementor-spacer-inner\"><\/div>\n\t\t<\/div>\n\t\t\t\t<\/div>\n\t\t\t\t<\/div>\n\t\t\t\t\t<\/div>\n\t\t<\/div>\n\t\t\t\t\t<\/div>\n\t\t<\/section>\n\t\t\t\t\t<\/div>\n\t\t<\/div>\n\t\t\t\t\t<\/div>\n\t\t<\/section>\n\t\t\t\t<section class=\"elementor-section elementor-top-section elementor-element elementor-element-6e5cf5c elementor-section-boxed elementor-section-height-default elementor-section-height-default\" data-id=\"6e5cf5c\" data-element_type=\"section\" data-settings=\"{&quot;background_background&quot;:&quot;classic&quot;}\">\n\t\t\t\t\t\t<div class=\"elementor-container elementor-column-gap-default\">\n\t\t\t\t\t<div class=\"elementor-column elementor-col-100 elementor-top-column elementor-element elementor-element-154c121\" data-id=\"154c121\" data-element_type=\"column\">\n\t\t\t<div class=\"elementor-widget-wrap elementor-element-populated\">\n\t\t\t\t\t\t<section class=\"elementor-section elementor-inner-section elementor-element elementor-element-15fc422c elementor-section-boxed elementor-section-height-default elementor-section-height-default\" data-id=\"15fc422c\" data-element_type=\"section\">\n\t\t\t\t\t\t<div class=\"elementor-container elementor-column-gap-default\">\n\t\t\t\t\t<div class=\"elementor-column elementor-col-100 elementor-inner-column elementor-element elementor-element-3a598639\" data-id=\"3a598639\" data-element_type=\"column\">\n\t\t\t<div class=\"elementor-widget-wrap elementor-element-populated\">\n\t\t\t\t\t\t<div class=\"elementor-element elementor-element-66506361 animated-slow elementor-invisible elementor-widget elementor-widget-heading\" data-id=\"66506361\" data-element_type=\"widget\" data-settings=\"{&quot;_animation&quot;:&quot;fadeIn&quot;,&quot;_animation_delay&quot;:&quot;100&quot;}\" data-widget_type=\"heading.default\">\n\t\t\t\t<div class=\"elementor-widget-container\">\n\t\t\t<h2 class=\"elementor-heading-title elementor-size-default\">Privacy Policy<\/h2>\t\t<\/div>\n\t\t\t\t<\/div>\n\t\t\t\t<div class=\"elementor-element elementor-element-6f26d510 elementor-widget__width-auto elementor-absolute animated-fast elementor-invisible elementor-widget elementor-widget-image\" data-id=\"6f26d510\" data-element_type=\"widget\" data-settings=\"{&quot;_position&quot;:&quot;absolute&quot;,&quot;_animation&quot;:&quot;rotateIn&quot;,&quot;_animation_delay&quot;:&quot;300&quot;}\" data-widget_type=\"image.default\">\n\t\t\t\t<div class=\"elementor-widget-container\">\n\t\t\t\t\t\t\t\t\t\t\t\t\t<img fetchpriority=\"high\" decoding=\"async\" width=\"501\" height=\"501\" src=\"https:\/\/crystalvue.pt\/wp-content\/uploads\/2024\/12\/orange_hex-1.png\" class=\"attachment-large size-large wp-image-877\" alt=\"\" srcset=\"https:\/\/crystalvue.pt\/wp-content\/uploads\/2024\/12\/orange_hex-1.png 501w, https:\/\/crystalvue.pt\/wp-content\/uploads\/2024\/12\/orange_hex-1-300x300.png 300w, https:\/\/crystalvue.pt\/wp-content\/uploads\/2024\/12\/orange_hex-1-150x150.png 150w\" sizes=\"(max-width: 501px) 100vw, 501px\" \/>\t\t\t\t\t\t\t\t\t\t\t\t\t<\/div>\n\t\t\t\t<\/div>\n\t\t\t\t<div class=\"elementor-element elementor-element-a223bfa elementor-invisible elementor-widget elementor-widget-text-editor\" data-id=\"a223bfa\" data-element_type=\"widget\" data-settings=\"{&quot;_animation&quot;:&quot;fadeInRight&quot;,&quot;_animation_delay&quot;:200}\" data-widget_type=\"text-editor.default\">\n\t\t\t\t<div class=\"elementor-widget-container\">\n\t\t\t\t\t\t\t<p data-pm-slice=\"1 1 []\">Na CrystalVUE, a sua privacidade \u00e9 uma prioridade. Esta Pol\u00edtica de Privacidade tem como objetivo informar como recolhemos, utilizamos e protegemos os seus dados pessoais, assegurando a conformidade com o Regulamento Geral de Prote\u00e7\u00e3o de Dados (RGPD) e outras legisla\u00e7\u00f5es aplic\u00e1veis.<\/p>\t\t\t\t\t\t<\/div>\n\t\t\t\t<\/div>\n\t\t\t\t\t<\/div>\n\t\t<\/div>\n\t\t\t\t\t<\/div>\n\t\t<\/section>\n\t\t\t\t<section class=\"elementor-section elementor-inner-section elementor-element elementor-element-4001486d elementor-section-boxed elementor-section-height-default elementor-section-height-default\" data-id=\"4001486d\" data-element_type=\"section\">\n\t\t\t\t\t\t<div class=\"elementor-container elementor-column-gap-no\">\n\t\t\t\t\t<div class=\"elementor-column elementor-col-100 elementor-inner-column elementor-element elementor-element-4290833a\" data-id=\"4290833a\" data-element_type=\"column\">\n\t\t\t<div class=\"elementor-widget-wrap elementor-element-populated\">\n\t\t\t\t\t\t<div class=\"elementor-element elementor-element-eec29c1 elementor-widget elementor-widget-jkit_accordion\" data-id=\"eec29c1\" data-element_type=\"widget\" data-widget_type=\"jkit_accordion.default\">\n\t\t\t\t<div class=\"elementor-widget-container\">\n\t\t\t<div  class=\"jeg-elementor-kit jkit-accordion style-default jeg_module___69e8fa5500751\" ><div class=\"card-wrapper expand\">\n                <div class=\"card-header background-gradient\">\n                    <a href=\"#expand-3debded\" class=\"card-header-button\" aria-expanded=\"false\" data-target=\"#expand-3debded\" aria-controls=\"expand-3debded\">\n                        <div class=\"left-icon-group\">\n                <div class=\"normal-icon\"><i aria-hidden=\"true\" class=\"jki jki-plus-circle-light\"><\/i><\/div>\n                <div class=\"active-icon\"><i aria-hidden=\"true\" class=\"jki jki-circle-minus-light\"><\/i><\/div>\n            <\/div><span class=\"title\">Recolha de Dados Pessoais<\/span>\n                    <\/a>\n                <\/div>\n                <div class=\"card-expand\" id=\"expand-3debded\" style=\"display:block\"><div class=\"card-body\"><ul data-spread=\"false\" data-pm-slice=\"3 3 []\"><li><p data-pm-slice=\"1 3 []\">Recolhemos informa\u00e7\u00f5es que nos fornece diretamente, como:<\/p><ul data-spread=\"false\"><li><p>Nome, email, n\u00famero de telefone e outros dados fornecidos atrav\u00e9s de formul\u00e1rios de contacto.<\/p><\/li><li><p>Inform\u00e7\u00f5es recolhidas automaticamente, como dados de navega\u00e7\u00e3o (endere\u00e7o IP, tipo de dispositivo, navegador).<\/p><\/li><\/ul><\/li><\/ul><\/div><\/div>\n            <\/div><div class=\"card-wrapper\">\n                <div class=\"card-header background-gradient\">\n                    <a href=\"#expand-a9562ef\" class=\"card-header-button\" aria-expanded=\"false\" data-target=\"#expand-a9562ef\" aria-controls=\"expand-a9562ef\">\n                        <div class=\"left-icon-group\">\n                <div class=\"normal-icon\"><i aria-hidden=\"true\" class=\"jki jki-plus-circle-light\"><\/i><\/div>\n                <div class=\"active-icon\"><i aria-hidden=\"true\" class=\"jki jki-circle-minus-light\"><\/i><\/div>\n            <\/div><span class=\"title\">Finalidade do Tratamento dos Dados<\/span>\n                    <\/a>\n                <\/div>\n                <div class=\"card-expand\" id=\"expand-a9562ef\" style=\"display:none\"><div class=\"card-body\"><ul data-spread=\"false\" data-pm-slice=\"3 3 []\"><li><p data-pm-slice=\"1 3 []\">Os dados pessoais recolhidos s\u00e3o utilizados para:<\/p><ul data-spread=\"false\"><li><p>Prestar e melhorar os nossos servi\u00e7os.<\/p><\/li><li><p>Comunicar informa\u00e7\u00f5es relevantes, como atualiza\u00e7\u00f5es ou ofertas.<\/p><\/li><li><p>Garantir a seguran\u00e7a dos utilizadores e do sistema.<\/p><\/li><li><p>Cumprir obriga\u00e7\u00f5es legais ou regulamentares.<\/p><\/li><\/ul><\/li><\/ul><\/div><\/div>\n            <\/div><div class=\"card-wrapper\">\n                <div class=\"card-header background-gradient\">\n                    <a href=\"#expand-3141f94\" class=\"card-header-button\" aria-expanded=\"false\" data-target=\"#expand-3141f94\" aria-controls=\"expand-3141f94\">\n                        <div class=\"left-icon-group\">\n                <div class=\"normal-icon\"><i aria-hidden=\"true\" class=\"jki jki-plus-circle-light\"><\/i><\/div>\n                <div class=\"active-icon\"><i aria-hidden=\"true\" class=\"jki jki-circle-minus-light\"><\/i><\/div>\n            <\/div><span class=\"title\">Partilha de Dados Pessoais<\/span>\n                    <\/a>\n                <\/div>\n                <div class=\"card-expand\" id=\"expand-3141f94\" style=\"display:none\"><div class=\"card-body\"><p data-pm-slice=\"1 3 []\">Os seus dados podem ser partilhados com:<\/p><ul data-spread=\"false\"><li><p>Parceiros e fornecedores necess\u00e1rios para a presta\u00e7\u00e3o de servi\u00e7os.<\/p><\/li><li><p>Autoridades competentes, sempre que exigido por lei. Nunca vendemos os seus dados a terceiros.<\/p><\/li><\/ul><\/div><\/div>\n            <\/div><div class=\"card-wrapper\">\n                <div class=\"card-header background-gradient\">\n                    <a href=\"#expand-47e1294\" class=\"card-header-button\" aria-expanded=\"false\" data-target=\"#expand-47e1294\" aria-controls=\"expand-47e1294\">\n                        <div class=\"left-icon-group\">\n                <div class=\"normal-icon\"><i aria-hidden=\"true\" class=\"jki jki-plus-circle-light\"><\/i><\/div>\n                <div class=\"active-icon\"><i aria-hidden=\"true\" class=\"jki jki-circle-minus-light\"><\/i><\/div>\n            <\/div><span class=\"title\">Direitos dos Utilizadores<\/span>\n                    <\/a>\n                <\/div>\n                <div class=\"card-expand\" id=\"expand-47e1294\" style=\"display:none\"><div class=\"card-body\"><ul data-spread=\"false\" data-pm-slice=\"3 3 []\"><li><p data-pm-slice=\"1 3 []\">Os utilizadores t\u00eam direito a:<\/p><ul data-spread=\"false\"><li><p>Aceder, corrigir ou apagar os seus dados pessoais.<\/p><\/li><li><p>Opor-se ao tratamento ou solicitar a portabilidade dos dados.<\/p><\/li><li><p>Retirar o consentimento a qualquer momento. Para exercer estes direitos, contacte-nos atrav\u00e9s de comercial@crystalvue.pt<\/p><\/li><\/ul><\/li><\/ul><\/div><\/div>\n            <\/div><div class=\"card-wrapper\">\n                <div class=\"card-header background-gradient\">\n                    <a href=\"#expand-ed7c399\" class=\"card-header-button\" aria-expanded=\"false\" data-target=\"#expand-ed7c399\" aria-controls=\"expand-ed7c399\">\n                        <div class=\"left-icon-group\">\n                <div class=\"normal-icon\"><i aria-hidden=\"true\" class=\"jki jki-plus-circle-light\"><\/i><\/div>\n                <div class=\"active-icon\"><i aria-hidden=\"true\" class=\"jki jki-circle-minus-light\"><\/i><\/div>\n            <\/div><span class=\"title\">Reten\u00e7\u00e3o de Dados<\/span>\n                    <\/a>\n                <\/div>\n                <div class=\"card-expand\" id=\"expand-ed7c399\" style=\"display:none\"><div class=\"card-body\"><p data-pm-slice=\"1 1 []\">Os dados s\u00e3o mantidos apenas pelo per\u00edodo necess\u00e1rio para os fins descritos, exceto quando for exigido por lei manter por mais tempo.<\/p><\/div><\/div>\n            <\/div><div class=\"card-wrapper\">\n                <div class=\"card-header background-gradient\">\n                    <a href=\"#expand-ad32186\" class=\"card-header-button\" aria-expanded=\"false\" data-target=\"#expand-ad32186\" aria-controls=\"expand-ad32186\">\n                        <div class=\"left-icon-group\">\n                <div class=\"normal-icon\"><i aria-hidden=\"true\" class=\"jki jki-plus-circle-light\"><\/i><\/div>\n                <div class=\"active-icon\"><i aria-hidden=\"true\" class=\"jki jki-circle-minus-light\"><\/i><\/div>\n            <\/div><span class=\"title\">Seguran\u00e7a dos Dados<\/span>\n                    <\/a>\n                <\/div>\n                <div class=\"card-expand\" id=\"expand-ad32186\" style=\"display:none\"><div class=\"card-body\"><p data-pm-slice=\"1 1 []\">Implementamos medidas t\u00e9cnicas e organizacionais para proteger os seus dados contra acessos n\u00e3o autorizados, perda ou destrui\u00e7\u00e3o.<\/p><\/div><\/div>\n            <\/div><div class=\"card-wrapper\">\n                <div class=\"card-header background-gradient\">\n                    <a href=\"#expand-9e83e4d\" class=\"card-header-button\" aria-expanded=\"false\" data-target=\"#expand-9e83e4d\" aria-controls=\"expand-9e83e4d\">\n                        <div class=\"left-icon-group\">\n                <div class=\"normal-icon\"><i aria-hidden=\"true\" class=\"jki jki-plus-circle-light\"><\/i><\/div>\n                <div class=\"active-icon\"><i aria-hidden=\"true\" class=\"jki jki-circle-minus-light\"><\/i><\/div>\n            <\/div><span class=\"title\">Altera\u00e7\u00f5es \u00e0 Pol\u00edtica de Privacidade<\/span>\n                    <\/a>\n                <\/div>\n                <div class=\"card-expand\" id=\"expand-9e83e4d\" style=\"display:none\"><div class=\"card-body\"><p data-pm-slice=\"1 1 []\">Reservamo-nos o direito de atualizar esta pol\u00edtica a qualquer momento. Recomendamos que consulte regularmente para estar informado.<\/p><p>Caso tenha d\u00favidas ou preocupa\u00e7\u00f5es, entre em contacto atrav\u00e9s de comercial@crystalvue.pt<\/p><\/div><\/div>\n            <\/div><\/div>\t\t<\/div>\n\t\t\t\t<\/div>\n\t\t\t\t\t<\/div>\n\t\t<\/div>\n\t\t\t\t\t<\/div>\n\t\t<\/section>\n\t\t\t\t\t<\/div>\n\t\t<\/div>\n\t\t\t\t\t<\/div>\n\t\t<\/section>\n\t\t\t\t<section class=\"elementor-section elementor-top-section elementor-element elementor-element-c42ea9b elementor-section-full_width elementor-section-height-default elementor-section-height-default\" data-id=\"c42ea9b\" data-element_type=\"section\" data-settings=\"{&quot;background_background&quot;:&quot;classic&quot;}\">\n\t\t\t\t\t\t<div class=\"elementor-container elementor-column-gap-default\">\n\t\t\t\t\t<div class=\"elementor-column elementor-col-100 elementor-top-column elementor-element elementor-element-922410b\" data-id=\"922410b\" data-element_type=\"column\">\n\t\t\t<div class=\"elementor-widget-wrap elementor-element-populated\">\n\t\t\t\t\t\t<section class=\"elementor-section elementor-inner-section elementor-element elementor-element-78eea85 elementor-section-full_width elementor-section-height-default elementor-section-height-default\" data-id=\"78eea85\" data-element_type=\"section\" data-settings=\"{&quot;background_background&quot;:&quot;classic&quot;,&quot;animation&quot;:&quot;none&quot;}\">\n\t\t\t\t\t\t<div class=\"elementor-container elementor-column-gap-no\">\n\t\t\t\t\t<div class=\"elementor-column elementor-col-100 elementor-inner-column elementor-element elementor-element-fef1da2 elementor-invisible\" data-id=\"fef1da2\" data-element_type=\"column\" data-settings=\"{&quot;animation&quot;:&quot;fadeInUp&quot;,&quot;animation_delay&quot;:&quot;600&quot;}\">\n\t\t\t<div class=\"elementor-widget-wrap elementor-element-populated\">\n\t\t\t\t\t\t<div class=\"elementor-element elementor-element-d59636a elementor-widget elementor-widget-spacer\" data-id=\"d59636a\" data-element_type=\"widget\" data-widget_type=\"spacer.default\">\n\t\t\t\t<div class=\"elementor-widget-container\">\n\t\t\t\t\t<div class=\"elementor-spacer\">\n\t\t\t<div class=\"elementor-spacer-inner\"><\/div>\n\t\t<\/div>\n\t\t\t\t<\/div>\n\t\t\t\t<\/div>\n\t\t<div class=\"elementor-element elementor-element-d16f6df e-con-full e-flex e-con e-parent\" data-id=\"d16f6df\" data-element_type=\"container\" data-settings=\"{&quot;background_background&quot;:&quot;classic&quot;}\">\n\t\t<div class=\"elementor-element elementor-element-a77e214 e-grid e-con-full e-con e-child\" data-id=\"a77e214\" data-element_type=\"container\">\n\t\t\t\t<div class=\"elementor-element elementor-element-b4a43b8 elementor-widget elementor-widget-heading\" data-id=\"b4a43b8\" data-element_type=\"widget\" data-widget_type=\"heading.default\">\n\t\t\t\t<div class=\"elementor-widget-container\">\n\t\t\t<h2 class=\"elementor-heading-title elementor-size-default\">Do you want to know more?<\/h2>\t\t<\/div>\n\t\t\t\t<\/div>\n\t\t\t\t<div class=\"elementor-element elementor-element-47c7e0a e-transform elementor-widget elementor-widget-jkit_button\" data-id=\"47c7e0a\" data-element_type=\"widget\" data-settings=\"{&quot;_transform_scale_effect_hover&quot;:{&quot;unit&quot;:&quot;px&quot;,&quot;size&quot;:0.93000000000000004884981308350688777863979339599609375,&quot;sizes&quot;:[]},&quot;_transform_scale_effect_hover_tablet&quot;:{&quot;unit&quot;:&quot;px&quot;,&quot;size&quot;:&quot;&quot;,&quot;sizes&quot;:[]},&quot;_transform_scale_effect_hover_mobile&quot;:{&quot;unit&quot;:&quot;px&quot;,&quot;size&quot;:&quot;&quot;,&quot;sizes&quot;:[]}}\" data-widget_type=\"jkit_button.default\">\n\t\t\t\t<div class=\"elementor-widget-container\">\n\t\t\t<div  class=\"jeg-elementor-kit jkit-button  icon-position-after jeg_module__1_69e8fa5501e51\" ><a href=\"https:\/\/crystalvue.pt\/en\/contactos\/#form-contacto\" class=\"jkit-button-wrapper\">Contact Us<\/a><\/div>\t\t<\/div>\n\t\t\t\t<\/div>\n\t\t\t\t<\/div>\n\t\t\t\t<\/div>\n\t\t\t\t<div class=\"elementor-element elementor-element-cfd7c27 elementor-widget elementor-widget-spacer\" data-id=\"cfd7c27\" data-element_type=\"widget\" data-widget_type=\"spacer.default\">\n\t\t\t\t<div class=\"elementor-widget-container\">\n\t\t\t\t\t<div class=\"elementor-spacer\">\n\t\t\t<div class=\"elementor-spacer-inner\"><\/div>\n\t\t<\/div>\n\t\t\t\t<\/div>\n\t\t\t\t<\/div>\n\t\t\t\t\t<\/div>\n\t\t<\/div>\n\t\t\t\t\t<\/div>\n\t\t<\/section>\n\t\t\t\t\t<\/div>\n\t\t<\/div>\n\t\t\t\t\t<\/div>\n\t\t<\/section>\n\t\t\t\t<\/div>","protected":false},"excerpt":{"rendered":"<p>Pol\u00edtica de Privacidade Crystal VUE Politica de Privacidade Na CrystalVUE, a sua privacidade \u00e9 uma prioridade. Esta Pol\u00edtica de Privacidade tem como objetivo informar como recolhemos, utilizamos e protegemos os seus dados pessoais, assegurando a conformidade com o Regulamento Geral de Prote\u00e7\u00e3o de Dados (RGPD) e outras legisla\u00e7\u00f5es aplic\u00e1veis. Recolha de Dados Pessoais Recolhemos informa\u00e7\u00f5es [&hellip;]<\/p>","protected":false},"author":3,"featured_media":0,"parent":0,"menu_order":0,"comment_status":"closed","ping_status":"closed","template":"","meta":{"footnotes":""},"class_list":["post-1327","page","type-page","status-publish","hentry"],"_links":{"self":[{"href":"https:\/\/crystalvue.pt\/en\/wp-json\/wp\/v2\/pages\/1327","targetHints":{"allow":["GET"]}}],"collection":[{"href":"https:\/\/crystalvue.pt\/en\/wp-json\/wp\/v2\/pages"}],"about":[{"href":"https:\/\/crystalvue.pt\/en\/wp-json\/wp\/v2\/types\/page"}],"author":[{"embeddable":true,"href":"https:\/\/crystalvue.pt\/en\/wp-json\/wp\/v2\/users\/3"}],"replies":[{"embeddable":true,"href":"https:\/\/crystalvue.pt\/en\/wp-json\/wp\/v2\/comments?post=1327"}],"version-history":[{"count":25,"href":"https:\/\/crystalvue.pt\/en\/wp-json\/wp\/v2\/pages\/1327\/revisions"}],"predecessor-version":[{"id":1377,"href":"https:\/\/crystalvue.pt\/en\/wp-json\/wp\/v2\/pages\/1327\/revisions\/1377"}],"wp:attachment":[{"href":"https:\/\/crystalvue.pt\/en\/wp-json\/wp\/v2\/media?parent=1327"}],"curies":[{"name":"wp","href":"https:\/\/api.w.org\/{rel}","templated":true}]}}